{"id":781,"date":"2020-11-26T14:48:42","date_gmt":"2020-11-26T16:48:42","guid":{"rendered":"http:\/\/institutoserhumano.educacao.ws\/wordpress\/?page_id=781"},"modified":"2022-01-22T00:13:14","modified_gmt":"2022-01-22T02:13:14","slug":"politica-de-privacidade-2","status":"publish","type":"page","link":"http:\/\/www.shrecrutamento.com.br\/?page_id=781","title":{"rendered":"Pol\u00edtica de Privacidade"},"content":{"rendered":"\n<p>Atrav\u00e9s de seus formul\u00e1rios cadastrais, a Ser Humano ir\u00e1 coletar informa\u00e7\u00f5es de seus usu\u00e1rios, objetivando reunir informa\u00e7\u00f5es necess\u00e1rias e consistentes para a presta\u00e7\u00e3o dos servi\u00e7os que prop\u00f5e. Should you want, you can go an individual&#8217;s good fortune from <a href=\"https:\/\/book-of-ra-online.de\/no-deposit-bonus\/\">book of ra online casino no deposit bonus<\/a>. As informa\u00e7\u00f5es ser\u00e3o, entre outras: CPF, CNPJ, nome do candidato, nome da empresa, e-mail, telefones, data de nascimento, sexo, endere\u00e7o, cargo da vaga, sal\u00e1rio do cargo, experi\u00eancia profissional, forma\u00e7\u00e3o acad\u00eamica e outras informa\u00e7\u00f5es necess\u00e1rias.<\/p>\n\n\n\n<p>Os dados cadastrais tanto dos candidatos quanto das empresas e vagas poder\u00e3o ser alterados\/ atualizados a qualquer momento, bastando que o usu\u00e1rio, atrav\u00e9s da home do site, informe seu login e senha e acesse o \u201cPainel do Candidato\u201d.<\/p>\n\n\n\n<p>A Ser Humano n\u00e3o conceder\u00e1 nem comercializar\u00e1 informa\u00e7\u00f5es constantes nos cadastros feitos por seus usu\u00e1rios, e disponibilizar\u00e1 apenas os dados curriculares dos candidatos e os dados das vagas de empresas, no intuito de facilitar o encontro e contato entre ambos, dentro dos princ\u00edpios do objetivo da sua presta\u00e7\u00e3o de servi\u00e7os.<\/p>\n\n\n\n<p>O usu\u00e1rio, n\u00e3o pagar\u00e1 nenhum valor \u00e0 Ser Humano pelo cadastramento de seu curr\u00edculo, visto que o servi\u00e7o de cadastramento \u00e9 totalmente gratuito.<\/p>\n\n\n\n<p>O e-mail do usu\u00e1rio ser\u00e1 canal de comunica\u00e7\u00e3o b\u00e1sico para que a Ser Humano e tamb\u00e9m os candidatos e empresas possam enviar mensagens com informa\u00e7\u00f5es sobre assuntos diversos pertinentes aos servi\u00e7os propostos pela Ser Humano.<\/p>\n\n\n\n<p>A Ser Humano enviar\u00e1 mensagens apenas ao e-mail que o usu\u00e1rio informou durante o seu cadastro no site.<\/p>\n\n\n\n<p>A Ser Humano mant\u00e9m dispon\u00edvel atrav\u00e9s da op\u00e7\u00e3o\u00a0\u201c<a href=\"http:\/\/institutoserhumano.educacao.ws\/wordpress\/?page_id=177\">Fale Conosco<\/a>\u201d, um canal permanente para contato com seus usu\u00e1rios, onde d\u00favidas, reclama\u00e7\u00f5es, sugest\u00f5es entre outros assuntos poder\u00e3o ser tratados. O link de acesso a este canal estar\u00e1 dispon\u00edvel nos menus do topo ou do rodap\u00e9 de todas as p\u00e1ginas do site.<\/p>\n\n\n\n<p>A Ser Humano garantir\u00e1 a execu\u00e7\u00e3o dos servi\u00e7os propostos por ela, atrav\u00e9s da sua Proposta e ou Contrato de Presta\u00e7\u00e3o de Servi\u00e7os.<\/p>\n","protected":false},"excerpt":{"rendered":"<p>Atrav\u00e9s de seus formul\u00e1rios cadastrais, a Ser Humano ir\u00e1 coletar informa\u00e7\u00f5es de seus usu\u00e1rios, objetivando reunir informa\u00e7\u00f5es necess\u00e1rias e consistentes para a presta\u00e7\u00e3o dos servi\u00e7os que prop\u00f5e. Should you want, you can go an individual&#8217;s good fortune from book of ra online casino no deposit bonus. As informa\u00e7\u00f5es ser\u00e3o, entre outras: CPF, CNPJ, nome do candidato, nome da empresa, e-mail, telefones, data de nascimento, sexo, endere\u00e7o, cargo da vaga, sal\u00e1rio do cargo, experi\u00eancia profissional, forma\u00e7\u00e3o acad\u00eamica e outras informa\u00e7\u00f5es necess\u00e1rias.&hellip;<\/p>\n","protected":false},"author":2,"featured_media":788,"parent":0,"menu_order":0,"comment_status":"closed","ping_status":"closed","template":"","meta":[],"_links":{"self":[{"href":"http:\/\/www.shrecrutamento.com.br\/index.php?rest_route=\/wp\/v2\/pages\/781"}],"collection":[{"href":"http:\/\/www.shrecrutamento.com.br\/index.php?rest_route=\/wp\/v2\/pages"}],"about":[{"href":"http:\/\/www.shrecrutamento.com.br\/index.php?rest_route=\/wp\/v2\/types\/page"}],"author":[{"embeddable":true,"href":"http:\/\/www.shrecrutamento.com.br\/index.php?rest_route=\/wp\/v2\/users\/2"}],"replies":[{"embeddable":true,"href":"http:\/\/www.shrecrutamento.com.br\/index.php?rest_route=%2Fwp%2Fv2%2Fcomments&post=781"}],"version-history":[{"count":6,"href":"http:\/\/www.shrecrutamento.com.br\/index.php?rest_route=\/wp\/v2\/pages\/781\/revisions"}],"predecessor-version":[{"id":793,"href":"http:\/\/www.shrecrutamento.com.br\/index.php?rest_route=\/wp\/v2\/pages\/781\/revisions\/793"}],"wp:featuredmedia":[{"embeddable":true,"href":"http:\/\/www.shrecrutamento.com.br\/index.php?rest_route=\/wp\/v2\/media\/788"}],"wp:attachment":[{"href":"http:\/\/www.shrecrutamento.com.br\/index.php?rest_route=%2Fwp%2Fv2%2Fmedia&parent=781"}],"curies":[{"name":"wp","href":"https:\/\/api.w.org\/{rel}","templated":true}]}}