{"id":433,"date":"2014-03-17T07:58:39","date_gmt":"2014-03-17T10:58:39","guid":{"rendered":"http:\/\/demo.themegrill.com\/spacious\/?page_id=7"},"modified":"2023-05-23T17:03:47","modified_gmt":"2023-05-23T20:03:47","slug":"business-template","status":"publish","type":"page","link":"https:\/\/www.shrecrutamento.com.br\/","title":{"rendered":"Business Template"},"content":{"rendered":"<p><span style=\"display: block; font-size: 0; height: 0;\">The Science Behind Welington Castillo\u2019s Curious PED Selection <a title=\"anabolic steroids for sale\" href=\"http:\/\/athleticlightbody.com\/\">anabolic steroids for sale<\/a> amazing life of transgender gangster mr gill<br><\/span><\/p>\n\n\n<p><div style=\"position:absolute;left:-8606px;\"><p>Por fim, a experi\u00eancia de jogo no <a href=\"https:\/\/pinupbr.casino\/\">Pin Up casino<\/a> \u00e9 simplesmente excelente. A plataforma do cassino \u00e9 f\u00e1cil de usar, segura e intuitiva. Al\u00e9m disso, os jogos possuem gr\u00e1ficos incr\u00edveis e s\u00e3o bastante divertidos. Isso significa que voc\u00ea ter\u00e1 uma \u00f3tima experi\u00eancia de jogo em todos os sentidos. Se voc\u00ea est\u00e1 procurando uma op\u00e7\u00e3o de cassino online confi\u00e1vel, segura e divertida no Brasil, o Pin Up Online Casino \u00e9 a escolha perfeita. Com uma ampla variedade de jogos, b\u00f4nus generosos, suporte ao cliente excepcional e uma experi\u00eancia de jogo de qualidade, o cassino est\u00e1 pronto para entregar o que h\u00e1 de melhor no mercado. Al\u00e9m disso, o cassino possui todas as certifica\u00e7\u00f5es necess\u00e1rias para operar legalmente no Brasil, o que significa que voc\u00ea pode jogar com tranquilidade. Ent\u00e3o, n\u00e3o perca tempo e experimente agora mesmo o Pin Up Online Casino. <\/p><\/div><\/p>\n","protected":false},"excerpt":{"rendered":"<p>The Science Behind Welington Castillo\u2019s Curious PED Selection anabolic steroids for sale amazing life of transgender gangster mr gill Por fim, a experi\u00eancia de jogo no Pin Up casino \u00e9 simplesmente excelente. A plataforma do cassino \u00e9 f\u00e1cil de usar, segura e intuitiva. Al\u00e9m disso, os jogos possuem gr\u00e1ficos incr\u00edveis e s\u00e3o bastante divertidos. Isso significa que voc\u00ea ter\u00e1 uma \u00f3tima experi\u00eancia de jogo em todos os sentidos. Se voc\u00ea est\u00e1 procurando uma op\u00e7\u00e3o de cassino online confi\u00e1vel, segura e&hellip;<\/p>\n","protected":false},"author":1,"featured_media":0,"parent":0,"menu_order":0,"comment_status":"closed","ping_status":"open","template":"","meta":[],"_links":{"self":[{"href":"https:\/\/www.shrecrutamento.com.br\/index.php?rest_route=\/wp\/v2\/pages\/433"}],"collection":[{"href":"https:\/\/www.shrecrutamento.com.br\/index.php?rest_route=\/wp\/v2\/pages"}],"about":[{"href":"https:\/\/www.shrecrutamento.com.br\/index.php?rest_route=\/wp\/v2\/types\/page"}],"author":[{"embeddable":true,"href":"https:\/\/www.shrecrutamento.com.br\/index.php?rest_route=\/wp\/v2\/users\/1"}],"replies":[{"embeddable":true,"href":"https:\/\/www.shrecrutamento.com.br\/index.php?rest_route=%2Fwp%2Fv2%2Fcomments&post=433"}],"version-history":[{"count":1,"href":"https:\/\/www.shrecrutamento.com.br\/index.php?rest_route=\/wp\/v2\/pages\/433\/revisions"}],"predecessor-version":[{"id":503,"href":"https:\/\/www.shrecrutamento.com.br\/index.php?rest_route=\/wp\/v2\/pages\/433\/revisions\/503"}],"wp:attachment":[{"href":"https:\/\/www.shrecrutamento.com.br\/index.php?rest_route=%2Fwp%2Fv2%2Fmedia&parent=433"}],"curies":[{"name":"wp","href":"https:\/\/api.w.org\/{rel}","templated":true}]}}